{"id":3,"date":"2025-09-14T08:43:44","date_gmt":"2025-09-14T06:43:44","guid":{"rendered":"https:\/\/taxi-fere-champenoise.fr\/?page_id=3"},"modified":"2026-02-08T18:30:49","modified_gmt":"2026-02-08T17:30:49","slug":"politique-de-confidentialite","status":"publish","type":"page","link":"https:\/\/taxi-fere-champenoise.fr\/index.php\/politique-de-confidentialite\/","title":{"rendered":"Politique de confidentialit\u00e9"},"content":{"rendered":"\n<div class=\"wp-block-group alignwide is-vertical is-layout-flex wp-container-core-group-is-layout-8cf370e7 wp-block-group-is-layout-flex\">\n<h2 class=\"wp-block-heading\"><strong>&nbsp;<\/strong><\/h2>\n\n\n\n<p>05\/07\/24&nbsp;<\/p>\n\n\n\n<p><strong>Politique de confidentialit\u00e9<\/strong><strong>&nbsp;<\/strong><\/p>\n\n\n\n<p>05\/07\/24&nbsp;<\/p>\n\n\n\n<p>La protection de vos donn\u00e9es personnelles est notre plus grande priorit\u00e9, c\u2019est pourquoi nous&nbsp; n\u2019utilisons vos donn\u00e9es que dans le strict respect des principes de protection des donn\u00e9es&nbsp; applicables. Depuis le 25 mai 2018, les dispositions du R\u00e8glement g\u00e9n\u00e9ral sur la protection des&nbsp; donn\u00e9es de l\u2019UE (ci-apr\u00e8s d\u00e9nomm\u00e9 RGPD) s\u2019applique dans toute l\u2019Europe.&nbsp;<\/p>\n\n\n\n<p>Nous ne vendons ni ne louons vos donn\u00e9es \u00e0 des tiers et nous aimerions vous informer en d\u00e9tail sur&nbsp; la mani\u00e8re dont nous traitons les donn\u00e9es \u00e0 caract\u00e8re personnel conform\u00e9ment audit R\u00e8glement (cf.&nbsp; Article 13 et suivants du RGPD).&nbsp;<\/p>\n\n\n\n<p>Nous nous r\u00e9servons le droit de modifier la pr\u00e9sente politique de confidentialit\u00e9 \u00e0 tout moment,&nbsp; donc veuillez s\u2019il vous pla\u00eet la consulter fr\u00e9quemment. Les changements et les clarifications&nbsp; prendront effet imm\u00e9diatement apr\u00e8s leur publication. Si nous apportons des changements au&nbsp; contenu de cette politique, nous vous aviserons ici dans les moyens possibles qu&rsquo;elle a \u00e9t\u00e9 mise \u00e0&nbsp; jour, pour que vous sachiez quels renseignements nous recueillons, la mani\u00e8re dont nous les&nbsp; utilisons, et dans quelles circonstances nous les divulguons, s\u2019il y a lieu de le faire.&nbsp;<\/p>\n\n\n\n<p>&#8212;-&nbsp;<\/p>\n\n\n\n<p>ARTICLE 1 \u2013 RENSEIGNEMENTS PERSONNELS RECUEILLIS&nbsp;<\/p>\n\n\n\n<p>Lorsque vous effectuez une visite sur notre site, nous recueillons les renseignements personnels que vous nous fournissez, tels que votre nom, votre num\u00e9ro de t\u00e9l\u00e9phone, votre email et votre adresse&nbsp; postale<\/p>\n\n\n\n<p>Lorsque vous naviguez sur notre site, nous recevons \u00e9galement automatiquement l\u2019adresse de&nbsp; protocole Internet (adresse IP) de votre ordinateur, qui nous permet d\u2019obtenir plus de d\u00e9tails au sujet du navigateur et du syst\u00e8me d\u2019exploitation que vous utilisez.&nbsp;<\/p>\n\n\n\n<p>Marketing par e-mail (le cas \u00e9ch\u00e9ant): Avec votre permission, nous pourrions vous envoyer des e-mails au sujet de notre site, de nouveaux produits et d\u2019autres mises \u00e0 jour.&nbsp;<\/p>\n\n\n\n<p>ARTICLE 2 &#8211; CONSENTEMENT&nbsp;<\/p>\n\n\n\n<p>Comment obtenez-vous mon consentement?&nbsp;<\/p>\n\n\n\n<p>Lorsque vous nous fournissez vos renseignements personnels, nous pr\u00e9sumons que vous consentez&nbsp; \u00e0 ce que nous recueillons vos renseignements et \u00e0 ce que nous les utilisons \u00e0 cette fin uniquement.&nbsp;<\/p>\n\n\n\n<p>Si nous vous demandons de nous fournir vos renseignements personnels pour une autre raison, \u00e0 des fins de marketing par exemple, nous vous demanderons directement votre consentement explicite,&nbsp; ou nous vous donnerons la possibilit\u00e9 de refuser.&nbsp;<\/p>\n\n\n\n<p>Comment puis-je retirer mon consentement?&nbsp;<\/p>\n\n\n\n<p>Si apr\u00e8s nous avoir donn\u00e9 votre consentement, vous changez d\u2019avis et ne consentez plus \u00e0 ce que&nbsp;<\/p>\n\n\n\n<p>nous puissions vous contacter, recueillir vos renseignements ou les divulguer, vous pouvez nous en&nbsp; aviser en nous contactant \u00e0 cortez.alexandre51@gmail.com ou par courrier \u00e0: 38 Rue des t\u00eates de fer, 51430 Bezannes, France&nbsp;<\/p>\n\n\n\n<p>Les donn\u00e9es personnelles sont conserv\u00e9es pendant une dur\u00e9e maximale de cinq ans selon les&nbsp; obligations l\u00e9gales d\u2019archivage et de conservation et sont destin\u00e9es \u00e0 TAXI FERE CHAMPENOISE et \u00e0 ses&nbsp; prestataires de services intervenant dans le cadre des relations contractuelles entre TAXI FERE CHAMPENOISE et le client.&nbsp;<\/p>\n\n\n\n<p>Le visiteur peut effectuer \u00e0 tout moment une demande \u00e0 TAXI FERE CHAMPENOISE pour s&rsquo;inscrire sur la liste&nbsp; d&rsquo;opposition au d\u00e9marchage t\u00e9l\u00e9phonique (dispositif BLOCTEL). Tout visiteur a la possibilit\u00e9 de&nbsp; s\u2019inscrire gratuitement sur la liste d\u2019opposition au d\u00e9marchage t\u00e9l\u00e9phonique BLOCTEL&nbsp; https:\/\/conso.bloctel.fr\/index.php\/inscription.php&nbsp;<\/p>\n\n\n\n<p>Conform\u00e9ment \u00e0 la loi n\u00b0 2020-901 du 24 juillet 2020 visant \u00e0 encadrer le d\u00e9marchage t\u00e9l\u00e9phonique et \u00e0 lutter contre les appels frauduleux, tout professionnel se r\u00e9serve le droit de d\u00e9marcher un&nbsp; consommateur inscrit sur la liste d&rsquo;opposition au d\u00e9marchage t\u00e9l\u00e9phonique lorsqu&rsquo;il s&rsquo;agit de&nbsp; sollicitations intervenant dans le cadre de l&rsquo;ex\u00e9cution d&rsquo;un contrat en cours et ayant un rapport avec&nbsp; l&rsquo;objet dudit contrat, y compris lorsqu&rsquo;il s&rsquo;agit de proposer au consommateur des produits ou&nbsp; services aff\u00e9rents ou compl\u00e9mentaires \u00e0 l&rsquo;objet du contrat en cours ou de nature \u00e0 am\u00e9liorer ses&nbsp; performances ou sa qualit\u00e9. Elles sont conserv\u00e9es pendant toute la dur\u00e9e de la relation des pr\u00e9sentes et pendant une dur\u00e9e maximale de cinq ans apr\u00e8s la fin de la relation contractuelle selon les&nbsp; obligations l\u00e9gales d\u2019archivage et de conservation et sont destin\u00e9es \u00e0 TAXI FERE CHAMPENOISE et \u00e0 ses&nbsp; prestataires de services intervenant dans le cadre des relations contractuelles entre TAXI FERE CHAMPENOISE et le client.&nbsp;<\/p>\n\n\n\n<p>Le visiteur peut exercer \u00e0 tout moment son droit d&rsquo;acc\u00e8s aux donn\u00e9es le concernant, les faire&nbsp; rectifier, effacer, limiter, porter, s\u2019opposer \u00e0 leur traitement ou \u00e0 faire l\u2019objet d\u2019une d\u00e9cision fond\u00e9e&nbsp; exclusivement sur un traitement, et peut donner des directives sur le traitement de ses donn\u00e9es apr\u00e8s son d\u00e9c\u00e8s, en se connectant sur son compte ou en contactant le service clients cortez.alexandre51@gmail.com conform\u00e9ment aux dispositions \u00e9dict\u00e9es dans la Loi n\u00b0 2004 \u2013 575 du 21 juin 2004 pour la&nbsp; Confiance dans l\u2019\u00c9conomie Num\u00e9rique.&nbsp;<\/p>\n\n\n\n<p>Pour conna\u00eetre les options offertes par tout autre logiciel de navigation et les modalit\u00e9s de&nbsp; suppression de fichiers cookies stock\u00e9s dans votre terminal, selon le(s) navigateur(s) install\u00e9s dans&nbsp; votre terminal, nous vous invitons \u00e0 consulter le menu d&rsquo;aide de votre navigateur ainsi que la&nbsp; rubrique \u00ab Vos traces \u00bb du site de la CNIL (Commission Nationale de l&rsquo;Informatique &amp; des&nbsp; Libert\u00e9s). En outre, si vous estimez que vos donn\u00e9es ne sont pas trait\u00e9es conform\u00e9ment \u00e0 la&nbsp; r\u00e9glementation relative aux donn\u00e9es personnelles, n\u2019h\u00e9sitez pas \u00e0 nous en informer pour que nous&nbsp; puissions rectifier les choses. Vous pouvez \u00e9galement adresser une r\u00e9clamation \u00e0 la Commission&nbsp; nationale informatique et libert\u00e9s (CNIL) sur le site www.cnil.fr&nbsp;<\/p>\n\n\n\n<p>ARTICLE 3 \u2013 DIVULGATION&nbsp;<\/p>\n\n\n\n<p>Nous pouvons divulguer vos renseignements personnels si la loi nous oblige \u00e0 le faire ou si vous&nbsp; violez nos Conditions G\u00e9n\u00e9rales de Vente et d\u2019Utilisation.&nbsp;<\/p>\n\n\n\n<p>ARTICLE 4 \u2013 HEBERGEUR&nbsp;<\/p>\n\n\n\n<p>Notre site est h\u00e9berg\u00e9 sur nos propres serveurs. Ils nous fournissent la plate-forme en ligne qui nous permet&nbsp; de vous pr\u00e9senter nos services et produits.&nbsp;<\/p>\n\n\n\n<p>Vos donn\u00e9es sont stock\u00e9es dans le syst\u00e8me de stockage de donn\u00e9es et les bases de donn\u00e9es de&nbsp;<\/p>\n\n\n\n<p>nos propres serveurs. Vos donn\u00e9es sont conserv\u00e9es sur un serveur&nbsp; s\u00e9curis\u00e9 prot\u00e9g\u00e9 par un pare-feu.&nbsp;<\/p>\n\n\n\n<p>ARTICLE 5 \u2013 SERVICES FOURNIS PAR DES TIERS&nbsp;<\/p>\n\n\n\n<p>De mani\u00e8re g\u00e9n\u00e9rale, les fournisseurs tiers que nous utilisons vont uniquement recueillir, utiliser et&nbsp; divulguer vos renseignements dans la mesure du n\u00e9cessaire pour pouvoir r\u00e9aliser les services qu\u2019ils&nbsp; nous fournissent. Cependant, certains tiers fournisseurs de services poss\u00e8dent leurs propres&nbsp; politiques de confidentialit\u00e9 quant aux renseignements que nous sommes tenus de leur fournir pour&nbsp; la bonne tenue du site.&nbsp;<\/p>\n\n\n\n<p>En ce qui concerne ces fournisseurs, nous vous recommandons de lire attentivement leurs politiques de confidentialit\u00e9 pour que vous puissiez comprendre la mani\u00e8re dont ils traiteront vos&nbsp; renseignements personnels.&nbsp;<\/p>\n\n\n\n<p>Il ne faut pas oublier que certains fournisseurs peuvent \u00eatre situ\u00e9s ou avoir des installations situ\u00e9es&nbsp; dans une juridiction diff\u00e9rente de la v\u00f4tre ou de la n\u00f4tre. Donc si vous d\u00e9cidez de poursuivre une&nbsp; transaction qui requiert les services d\u2019un fournisseur tiers, vos renseignements pourraient alors \u00eatre&nbsp; r\u00e9gis par les lois de la juridiction dans laquelle ce fournisseur se situe ou celles de la juridiction dans laquelle ses installations sont situ\u00e9es. \u00c0 titre d\u2019exemple, si vous \u00eates situ\u00e9 au Canada et que votre&nbsp; transaction est trait\u00e9e par une passerelle de paiement situ\u00e9e aux \u00c9tats-Unis, les renseignements vous appartenant qui ont \u00e9t\u00e9 utilis\u00e9s pour conclure la transaction pourraient \u00eatre divulgu\u00e9s en vertu de la&nbsp; l\u00e9gislation des \u00c9tats-Unis, y compris le Patriot Act.&nbsp;<\/p>\n\n\n\n<p>Une fois que vous quittez le site ou que vous \u00eates redirig\u00e9 vers le site web ou l\u2019application d\u2019un&nbsp; tiers, vous n\u2019\u00eates plus r\u00e9gi par la pr\u00e9sente Politique de Confidentialit\u00e9 ni par les Conditions&nbsp; G\u00e9n\u00e9rales de Vente et d\u2019Utilisation de notre site web.&nbsp;<\/p>\n\n\n\n<p><em>Liens <\/em>Vous pourriez \u00eatre amen\u00e9 \u00e0 quitter notre site web en cliquant sur certains liens pr\u00e9sents sur&nbsp; notre site. Nous n\u2019assumons aucune responsabilit\u00e9 quant aux pratiques de confidentialit\u00e9 exerc\u00e9es&nbsp; par ces autres sites et vous recommandons de lire attentivement leurs politiques de confidentialit\u00e9.&nbsp;<\/p>\n\n\n\n<p>ARTICLE 6 \u2013 S\u00c9CURIT\u00c9&nbsp;<\/p>\n\n\n\n<p>Pour prot\u00e9ger vos donn\u00e9es personnelles, nous prenons des pr\u00e9cautions raisonnables et suivons les&nbsp; meilleures pratiques de l\u2019industrie pour nous assurer qu\u2019elles ne soient pas perdues, d\u00e9tourn\u00e9es,&nbsp; consult\u00e9es, divulgu\u00e9es, modifi\u00e9es ou d\u00e9truites de mani\u00e8re inappropri\u00e9e.&nbsp;<\/p>\n\n\n\n<p>FICHIERS T\u00c9MOINS COOKIES&nbsp;<\/p>\n\n\n\n<p>Afin de vous assurer que vous pouvez toujours revenir \u00e0 votre session de quiz, nous devons stocker&nbsp; certaines donn\u00e9es locales. En mode priv\u00e9 \/ navigation priv\u00e9e, ces donn\u00e9es seront perdues lorsque&nbsp; vous fermerez votre navigateur et, par cons\u00e9quent, nous ne pouvons garantir que vous conserverez&nbsp; vos points gagn\u00e9s dans ce cas. N&rsquo;utilisez donc pas la navigation priv\u00e9e (Safari) ou le mode&nbsp; navigation priv\u00e9e (Chrome).&nbsp;&nbsp;<\/p>\n\n\n\n<p>Vous avez le choix de configurer votre navigateur pour accepter tous les cookies, rejeter tous les&nbsp; cookies, vous informer quand un cookie est \u00e9mis, sa dur\u00e9e de validit\u00e9 et son contenu, ainsi que vous permettre de refuser son enregistrement dans votre terminal, et supprimer vos cookies&nbsp; p\u00e9riodiquement. Vous pouvez param\u00e9trer votre navigateur Internet pour d\u00e9sactiver les cookies.&nbsp; Notez toutefois que si vous d\u00e9sactivez les cookies, votre nom d\u2019utilisateur ainsi que votre mot de&nbsp; passe ne seront plus sauvegard\u00e9s sur aucun site web. <em>Comment configurer votre navigateur :<\/em><\/p>\n\n\n\n<p><strong>Firefox :&nbsp;<\/strong><\/p>\n\n\n\n<p>1. Ouvrez Firefox&nbsp;<\/p>\n\n\n\n<p>2. Appuyez sur la touche \u00ab Alt \u00bb&nbsp;<\/p>\n\n\n\n<p>3. Dans le menu en haut de la page cliquez sur \u00ab Outils \u00bb puis \u00ab Options \u00bb&nbsp;<\/p>\n\n\n\n<p>4. S\u00e9lectionnez l\u2019onglet \u00ab Vie priv\u00e9e \u00bb&nbsp;<\/p>\n\n\n\n<p>5. Dans le menu d\u00e9roulant \u00e0 droite de \u00ab R\u00e8gles de conservation \u00bb, cliquez sur \u00ab utiliser les param\u00e8tres personnalis\u00e9s pour l\u2019historique \u00bb&nbsp;<\/p>\n\n\n\n<p>6. Un peu plus bas, d\u00e9cochez \u00ab Accepter les cookies \u00bb&nbsp;<\/p>\n\n\n\n<p>7. Sauvegardez vos pr\u00e9f\u00e9rences en cliquant sur \u00ab OK \u00bb&nbsp;<\/p>\n\n\n\n<p><strong>Internet Explorer :&nbsp;<\/strong><\/p>\n\n\n\n<p>1. Ouvrez Internet Explorer&nbsp;<\/p>\n\n\n\n<p>2. Dans le menu \u00ab Outils \u00bb, s\u00e9lectionnez \u00ab Options Internet \u00bb&nbsp;<\/p>\n\n\n\n<p>3. Cliquez sur l\u2019onglet \u00ab Confidentialit\u00e9 \u00bb&nbsp;<\/p>\n\n\n\n<p>4. Cliquez sur \u00ab Avanc\u00e9 \u00bb et d\u00e9cochez \u00ab Accepter \u00bb&nbsp;<\/p>\n\n\n\n<p>5. Sauvegardez vos pr\u00e9f\u00e9rences en cliquant sur \u00ab OK \u00bb&nbsp;<\/p>\n\n\n\n<p><strong>Google Chrome :&nbsp;<\/strong><\/p>\n\n\n\n<p>1. Ouvrez Google Chrome&nbsp;<\/p>\n\n\n\n<p>2. Cliquez sur l\u2019ic\u00f4ne d\u2019outils dans la barre de menu&nbsp;<\/p>\n\n\n\n<p>3. S\u00e9lectionnez \u00ab Options \u00bb&nbsp;<\/p>\n\n\n\n<p>4. Cliquez sur l\u2019onglet \u00ab Options avanc\u00e9es \u00bb&nbsp;<\/p>\n\n\n\n<p>5. Dans le menu d\u00e9roulant \u00ab Param\u00e8tres des cookies \u00bb, s\u00e9lectionnez \u00ab Bloquer tous les cookies \u00bb <strong>Safari :&nbsp;<\/strong><\/p>\n\n\n\n<p>1. Ouvrez Safari&nbsp;<\/p>\n\n\n\n<p>2. Dans la barre de menu en haut, cliquez sur \u00ab Safari \u00bb, puis \u00ab Pr\u00e9f\u00e9rences \u00bb 3. S\u00e9lectionnez l\u2019ic\u00f4ne \u00ab S\u00e9curit\u00e9 \u00bb&nbsp;<\/p>\n\n\n\n<p>4. \u00c0 c\u00f4t\u00e9 de \u00ab Accepter les cookies \u00bb, cochez \u00ab Jamais \u00bb&nbsp;<\/p>\n\n\n\n<p>5. Si vous souhaitez voir les cookies qui sont d\u00e9j\u00e0 sauvegard\u00e9s sur votre ordinateur, cliquez sur \u00ab Afficher les cookies \u00bb&nbsp;<\/p>\n\n\n\n<p>Voici une liste non exhaustive de fichiers t\u00e9moins que nous utilisons. Nous les avons \u00e9num\u00e9r\u00e9s ici&nbsp; pour que vous ayez la possibilit\u00e9 de choisir si vous souhaitez les autoriser ou non.&nbsp;<\/p>\n\n\n\n<p>_session_id, identificateur unique de session, permet \u00e0 Blogger (h\u00e9bergeur) \/Google (si analytics) &nbsp;\/Facebook (pixel) de stocker les informations relatives \u00e0 votre session (r\u00e9f\u00e9rent, page de renvoi,&nbsp; etc.).&nbsp;<\/p>\n\n\n\n<p>_Google_visit, aucune donn\u00e9e retenue, persiste pendant 30 minutes depuis la derni\u00e8re visite. Utilis\u00e9&nbsp; par le syst\u00e8me interne de suivi des statistiques du fournisseur de notre site web pour enregistrer le&nbsp; nombre de visites.<\/p>\n\n\n\n<p>_Google_uniq, aucune donn\u00e9e retenue, expire \u00e0 minuit (selon l\u2019emplacement du visiteur) le jour&nbsp; suivant. Calcule le nombre de visites d\u2019un site par client unique.&nbsp;<\/p>\n\n\n\n<p>_secure_session_id, identificateur unique de session&nbsp;<\/p>\n\n\n\n<p>storefront_digest, identificateur unique, ind\u00e9fini si le site poss\u00e8de un mot de passe, il est utilis\u00e9 pour savoir si le visiteur actuel a acc\u00e8s.&nbsp;<\/p>\n\n\n\n<p>ARTICLE 7 \u2013 \u00c2GE DE CONSENTEMENT&nbsp;<\/p>\n\n\n\n<p>En utilisant ce site, vous d\u00e9clarez que vous avez au moins l\u2019\u00e2ge de la majorit\u00e9 dans votre \u00c9tat ou&nbsp; province de r\u00e9sidence, et que vous nous avez donn\u00e9 votre consentement pour permettre \u00e0 toute&nbsp; personne d\u2019\u00e2ge mineur \u00e0 votre charge d\u2019utiliser ce site web.&nbsp;<\/p>\n\n\n\n<p>ARTICLE 8 \u2013 MODIFICATIONS APPORT\u00c9ES \u00c0 LA PR\u00c9SENTE POLITIQUE DE&nbsp; CONFIDENTIALIT\u00c9&nbsp;<\/p>\n\n\n\n<p>Nous nous r\u00e9servons le droit de modifier la pr\u00e9sente politique de confidentialit\u00e9 \u00e0 tout moment,&nbsp; donc veuillez s\u2019il vous pla\u00eet la consulter fr\u00e9quemment. Les changements et les clarifications&nbsp; prendront effet imm\u00e9diatement apr\u00e8s leur publication sur le site web. Si nous apportons des&nbsp; changements au contenu de cette politique, nous vous aviserons ici qu\u2019elle a \u00e9t\u00e9 mise \u00e0 jour, pour&nbsp; que vous sachiez quels renseignements nous recueillons, la mani\u00e8re dont nous les utilisons, et dans&nbsp; quelles circonstances nous les divulguons, s\u2019il y a lieu de le faire.&nbsp;<\/p>\n\n\n\n<p>Si notre site fait l\u2019objet d\u2019une acquisition par ou d\u2019une fusion avec une autre entreprise, vos&nbsp; renseignements pourraient \u00eatre transf\u00e9r\u00e9s aux nouveaux propri\u00e9taires pour que nous puissions&nbsp; continuer \u00e0 vous vendre des produits.&nbsp;<\/p>\n\n\n\n<p>QUESTIONS ET COORDONN\u00c9ES&nbsp;<\/p>\n\n\n\n<p>Si vous souhaitez: acc\u00e9der \u00e0, corriger, modifier ou supprimer toute information personnelle que&nbsp; nous avons \u00e0 votre sujet, d\u00e9poser une plainte, ou si vous souhaitez simplement avoir plus&nbsp; d\u2019informations, contactez notre agent responsable de traitement des normes de confidentialit\u00e9 \u00e0&nbsp; cortez.alexandre51@gmail.com ou par courrier \u00e0 TAXI FERE CHAMPENOISE, 38 Rue des t\u00eates de fer, 51430 Bezannes&nbsp;<\/p>\n\n\n\n<p>&#8212;-<\/p>\n<\/div>\n","protected":false},"excerpt":{"rendered":"<p>&nbsp; 05\/07\/24&nbsp; Politique de confidentialit\u00e9&nbsp; 05\/07\/24&nbsp; La protection de vos donn\u00e9es personnelles est notre plus grande priorit\u00e9, c\u2019est pourquoi nous&nbsp; n\u2019utilisons vos donn\u00e9es que dans le strict respect des principes de protection des donn\u00e9es&nbsp; applicables. Depuis le 25 mai 2018, les dispositions du R\u00e8glement g\u00e9n\u00e9ral sur la protection des&nbsp; donn\u00e9es de l\u2019UE (ci-apr\u00e8s d\u00e9nomm\u00e9 RGPD) [&hellip;]<\/p>\n","protected":false},"author":1,"featured_media":0,"parent":0,"menu_order":0,"comment_status":"closed","ping_status":"closed","template":"page-politique-de-confidentialite","meta":{"footnotes":""},"class_list":["post-3","page","type-page","status-publish","hentry"],"_links":{"self":[{"href":"https:\/\/taxi-fere-champenoise.fr\/index.php\/wp-json\/wp\/v2\/pages\/3","targetHints":{"allow":["GET"]}}],"collection":[{"href":"https:\/\/taxi-fere-champenoise.fr\/index.php\/wp-json\/wp\/v2\/pages"}],"about":[{"href":"https:\/\/taxi-fere-champenoise.fr\/index.php\/wp-json\/wp\/v2\/types\/page"}],"author":[{"embeddable":true,"href":"https:\/\/taxi-fere-champenoise.fr\/index.php\/wp-json\/wp\/v2\/users\/1"}],"replies":[{"embeddable":true,"href":"https:\/\/taxi-fere-champenoise.fr\/index.php\/wp-json\/wp\/v2\/comments?post=3"}],"version-history":[{"count":5,"href":"https:\/\/taxi-fere-champenoise.fr\/index.php\/wp-json\/wp\/v2\/pages\/3\/revisions"}],"predecessor-version":[{"id":26,"href":"https:\/\/taxi-fere-champenoise.fr\/index.php\/wp-json\/wp\/v2\/pages\/3\/revisions\/26"}],"wp:attachment":[{"href":"https:\/\/taxi-fere-champenoise.fr\/index.php\/wp-json\/wp\/v2\/media?parent=3"}],"curies":[{"name":"wp","href":"https:\/\/api.w.org\/{rel}","templated":true}]}}